{"id":225,"date":"2018-01-19T09:42:11","date_gmt":"2018-01-19T09:42:11","guid":{"rendered":"http:\/\/bridge136.qodeinteractive.com\/?page_id=7"},"modified":"2024-07-07T16:07:37","modified_gmt":"2024-07-07T13:07:37","slug":"home","status":"publish","type":"page","link":"https:\/\/canbeytarim.com\/","title":{"rendered":"Anasayfa"},"content":{"rendered":"<p>[vc_row css_animation=&#8221;&#8221; row_type=&#8221;row&#8221; use_row_as_full_screen_section=&#8221;no&#8221; type=&#8221;full_width&#8221; angled_section=&#8221;no&#8221; text_align=&#8221;left&#8221; background_image_as_pattern=&#8221;without_pattern&#8221; z_index=&#8221;&#8221;][vc_column][vc_row_inner row_type=&#8221;row&#8221; type=&#8221;grid&#8221; text_align=&#8221;left&#8221; css_animation=&#8221;&#8221; css=&#8221;.vc_custom_1516362603245{padding-bottom: 105px !important;}&#8221;][vc_column_inner css=&#8221;.vc_custom_1708497365163{margin-top: -130px !important;}&#8221; offset=&#8221;vc_col-lg-7 vc_col-md-7&#8243;][qode_elements_holder number_of_columns=&#8221;one_column&#8221;][qode_elements_holder_item background_color=&#8221;#ff9933&#8243; item_padding=&#8221;38px 78px 57px 56px&#8221; advanced_animations=&#8221;no&#8221; item_padding_1280_1440=&#8221;38px 59px 57px 56px&#8221; item_padding_600_768=&#8221;38px 31px 57px 44px&#8221; item_padding_480=&#8221;38px 28px 57px 35px&#8221;][vc_column_text]<\/p>\n<h1 class=\"contentTitle\" style=\"text-align: center;\">D\u00fcnyan\u0131n Mucizesi<\/h1>\n<h1 class=\"contentTitle\" style=\"text-align: center;\">Alt\u0131n Projesi<\/h1>\n<h1 style=\"text-align: center;\">Pamuk<\/h1>\n<p>[\/vc_column_text][vc_empty_space height=&#8221;29px&#8221;][vc_column_text][\/vc_column_text][\/qode_elements_holder_item][\/qode_elements_holder][\/vc_column_inner][vc_column_inner offset=&#8221;vc_col-lg-5 vc_col-md-5&#8243;][\/vc_column_inner][\/vc_row_inner][qode_content_slider auto_rotate=&#8221;10&#8243; enable_drag=&#8221;yes&#8221; direction_nav=&#8221;yes&#8221; control_nav=&#8221;yes&#8221; pause_on_hover=&#8221;yes&#8221;][qode_content_slider_item][vc_row_inner row_type=&#8221;row&#8221; type=&#8221;grid&#8221; text_align=&#8221;left&#8221; css_animation=&#8221;&#8221;][vc_column_inner offset=&#8221;vc_col-lg-4 vc_col-md-4&#8243;]<div class=\"qode-info-card\">\n\t\t\t<div class=\"qode-info-card-image\" style=\"background-color:#fff\">\n\t\t\t<img decoding=\"async\" src=\"https:\/\/canbeytarim.com\/wp-content\/uploads\/2024\/01\/Pamuk.png\" alt=\"\" \/>\n\t\t<\/div>\n\t\t<div class=\"qode-info-card-text-holder\" style=\"background-color:#fff\">\n\t\t\t\t\t<h2 class=\"qode-info-card-title\" >\n\t\t\t\t\u0130\u015f Ortaklar\u0131m\u0131z\t\t\t<\/h2>\n\t\t\t\t\t\t\t<p class=\"qode-info-card-text\" >\n\t\t\t\tEn iyi kalite \u00fcretim hedeflerine ula\u015fmak i\u00e7in i\u015f ortaklar\u0131m\u0131zla; \u00e7ift\u00e7ilerden tedarik\u00e7ilere, lojistik firmalar\u0131ndan tekstil \u00fcreticilerine kadar geni\u015f bir a\u011f kurarak, her a\u015famada g\u00fcvenilir ve etik i\u015f uygulamalar\u0131n\u0131 benimsedik. M\u00fc\u015fterilerimize en iyi hizmeti sunmak i\u00e7in birlikte \u00e7al\u0131\u015ft\u0131\u011f\u0131m\u0131z her ortak, i\u015f eti\u011fi ve kalite standartlar\u0131na b\u00fcy\u00fck \u00f6nem vermektedir. Ortakl\u0131klar\u0131m\u0131z sayesinde, hem yerel ekonomiye katk\u0131 sa\u011fl\u0131yor hem de m\u00fc\u015fterilerimize en iyi \u00fcr\u00fcnleri sunarak, sekt\u00f6rde fark yarat\u0131yoruz. Birlikte b\u00fcy\u00fcmeye ve geli\u015fmeye devam ediyoruz.\t\t\t<\/p>\n\t\t\t<\/div>\n\t<\/div>[vc_empty_space height=&#8221;36px&#8221;][\/vc_column_inner][vc_column_inner offset=&#8221;vc_col-lg-4 vc_col-md-4&#8243;]<div class=\"qode-info-card\">\n\t\t\t<div class=\"qode-info-card-image\" style=\"background-color:#fff\">\n\t\t\t<img decoding=\"async\" src=\"https:\/\/canbeytarim.com\/wp-content\/uploads\/2024\/01\/transportation.png\" alt=\"\" \/>\n\t\t<\/div>\n\t\t<div class=\"qode-info-card-text-holder\" style=\"background-color:#fff\">\n\t\t\t\t\t<h2 class=\"qode-info-card-title\" >\n\t\t\t\tYurtd\u0131\u015f\u0131 \u0130hracatlar\u0131m\u0131z\t\t\t<\/h2>\n\t\t\t\t\t\t\t<p class=\"qode-info-card-text\" >\n\t\t\t\tFirmam\u0131z, ba\u015fta Amerika, Avrupa ve Asya olmak \u00fczere bir\u00e7ok k\u0131taya pamuk ihracat\u0131 ger\u00e7ekle\u015ftirmektedir. Yurt d\u0131\u015f\u0131 ihracatlar\u0131m\u0131z, m\u00fc\u015fteri memnuniyeti ve kalite odakl\u0131 \u00e7al\u0131\u015fma prensiplerimiz sayesinde s\u00fcrekli artmaktad\u0131r. Her k\u0131tadaki m\u00fc\u015fterilerimizin ihtiya\u00e7lar\u0131n\u0131 kar\u015f\u0131lamak i\u00e7in lojistik ve tedarik zinciri s\u00fcre\u00e7lerimizi titizlikle y\u00f6netiyoruz. Uluslararas\u0131 standartlara uygun \u00fcretimimizle, pamuk \u00fcr\u00fcnlerimizi d\u00fcnya \u00e7ap\u0131nda bir\u00e7ok \u00fclkeye ula\u015ft\u0131rman\u0131n gururunu ya\u015f\u0131yoruz.\t\t\t<\/p>\n\t\t\t<\/div>\n\t<\/div>[vc_empty_space height=&#8221;36px&#8221;][\/vc_column_inner][vc_column_inner offset=&#8221;vc_col-lg-4 vc_col-md-4&#8243;]<div class=\"qode-info-card\">\n\t\t\t<div class=\"qode-info-card-image\" style=\"background-color:#fff\">\n\t\t\t<img decoding=\"async\" src=\"https:\/\/canbeytarim.com\/wp-content\/uploads\/2024\/07\/s00007-621244504.png\" alt=\"\" \/>\n\t\t<\/div>\n\t\t<div class=\"qode-info-card-text-holder\" style=\"background-color:#fff\">\n\t\t\t\t\t<h2 class=\"qode-info-card-title\" >\n\t\t\t\tProjelerimiz\t\t\t<\/h2>\n\t\t\t\t\t\t\t<p class=\"qode-info-card-text\" >\n\t\t\t\tPamuk i\u015fleme tesisimiz, s\u00fcrd\u00fcr\u00fclebilirlik ve yenilik\u00e7i teknolojiler \u00fczerine odaklanan \u00e7e\u015fitli projeler y\u00fcr\u00fctmektedir. Enerji verimlili\u011fi sa\u011flayan makinelerle, karbon ayak izini azaltmay\u0131 hedefleyen projeler geli\u015ftirmekteyiz. \u00c7ift\u00e7ilerle i\u015f birli\u011fi yaparak, organik pamuk \u00fcretimini te\u015fvik eden programlar uygulamaktay\u0131z. Ayr\u0131ca, \u00e7al\u0131\u015fanlar\u0131m\u0131z\u0131n e\u011fitimine ve i\u015f g\u00fcvenli\u011fine y\u00f6nelik projelerle, i\u015f g\u00fcc\u00fcm\u00fcz\u00fcn yetkinli\u011fini s\u00fcrekli art\u0131r\u0131yoruz. Ar-Ge \u00e7al\u0131\u015fmalar\u0131m\u0131z sayesinde, pamuk i\u015fleme s\u00fcre\u00e7lerini daha verimli ve \u00e7evre dostu hale getiriyoruz. Bu projelerle beraber s\u00fcrd\u00fcr\u00fclebilir bir gelece\u011fe katk\u0131 sa\u011fl\u0131yoruz.\t\t\t<\/p>\n\t\t\t<\/div>\n\t<\/div>[vc_empty_space height=&#8221;36px&#8221;][\/vc_column_inner][\/vc_row_inner][\/qode_content_slider_item][qode_content_slider_item][vc_row_inner row_type=&#8221;row&#8221; type=&#8221;grid&#8221; text_align=&#8221;left&#8221; css_animation=&#8221;&#8221;][vc_column_inner offset=&#8221;vc_col-lg-4 vc_col-md-4&#8243;]<div class=\"qode-info-card\">\n\t\t\t<div class=\"qode-info-card-image\" style=\"background-color:#fff\">\n\t\t\t<img decoding=\"async\" src=\"https:\/\/canbeytarim.com\/wp-content\/uploads\/2018\/01\/info-card-image-4.jpg\" alt=\"\" \/>\n\t\t<\/div>\n\t\t<div class=\"qode-info-card-text-holder\" style=\"background-color:#fff\">\n\t\t\t\t\t<h2 class=\"qode-info-card-title\" >\n\t\t\t\t\u00dcretim Yerleri\t\t\t<\/h2>\n\t\t\t\t\t\t\t<p class=\"qode-info-card-text\" >\n\t\t\t\tT\u00fcrkiye&#039;de \u00fcretimin %88&#039;ini kar\u015f\u0131layan 6 il s\u0131ras\u0131yla \u015eanl\u0131urfa, Ayd\u0131n, Hatay, Diyarbak\u0131r, Adana ve \u0130zmir&#039;dir. \u015eanl\u0131urfa ili tek ba\u015f\u0131na t\u00fcm \u00fcretimin %42&#039;sini kar\u015f\u0131lamaktad\u0131r.\t\t\t<\/p>\n\t\t\t<\/div>\n\t<\/div>[vc_empty_space height=&#8221;36px&#8221;][\/vc_column_inner][vc_column_inner offset=&#8221;vc_col-lg-4 vc_col-md-4&#8243;]<div class=\"qode-info-card\">\n\t\t\t<div class=\"qode-info-card-image\" style=\"background-color:#fff\">\n\t\t\t<img decoding=\"async\" src=\"https:\/\/canbeytarim.com\/wp-content\/uploads\/2024\/07\/faaliyetler.png\" alt=\"\" \/>\n\t\t<\/div>\n\t\t<div class=\"qode-info-card-text-holder\" style=\"background-color:#fff\">\n\t\t\t\t\t<h2 class=\"qode-info-card-title\" >\n\t\t\t\tFaaliyetler\t\t\t<\/h2>\n\t\t\t\t\t\t\t<p class=\"qode-info-card-text\" >\n\t\t\t\tPamuk tesisimizde ger\u00e7ekle\u015ftirilen faaliyetler, pamuk \u00fcretiminden i\u015flenmesine kadar t\u00fcm s\u00fcre\u00e7leri kapsar. \u0130lk ad\u0131m, ham pamu\u011fun tesise kabul edilmesi ve kalite kontrol\u00fcd\u00fcr. Ard\u0131ndan pamuk, temizleme, ay\u0131rma ve i\u015fleme a\u015famalar\u0131ndan ge\u00e7er. \u00c7\u0131r\u00e7\u0131rlama i\u015flemi tamamlanan \u00fcr\u00fcnler balyalar halinde depolan\u0131r ve bir sonraki lojistik a\u015famas\u0131na kadar denetimi sa\u011flan\u0131r.\t\t\t<\/p>\n\t\t\t<\/div>\n\t<\/div>[vc_empty_space height=&#8221;36px&#8221;][\/vc_column_inner][vc_column_inner offset=&#8221;vc_col-lg-4 vc_col-md-4&#8243;]<div class=\"qode-info-card\">\n\t\t\t<div class=\"qode-info-card-image\" style=\"background-color:#fff\">\n\t\t\t<img decoding=\"async\" src=\"https:\/\/canbeytarim.com\/wp-content\/uploads\/2018\/01\/info-card-image-6.jpg\" alt=\"\" \/>\n\t\t<\/div>\n\t\t<div class=\"qode-info-card-text-holder\" style=\"background-color:#fff\">\n\t\t\t\t\t<h2 class=\"qode-info-card-title\" >\n\t\t\t\t\u00c7evre Dostu Politikas\u0131\t\t\t<\/h2>\n\t\t\t\t\t\t\t<p class=\"qode-info-card-text\" >\n\t\t\t\tD\u00fcnyay\u0131 gelecek nesiller i\u00e7in koruman\u0131za, zararl\u0131 maddelere maruz kalman\u0131z\u0131 \u00f6nlemek ve bilin\u00e7li kararlar vermenize olanak sa\u011flamak bilincindeyiz .\t\t\t<\/p>\n\t\t\t<\/div>\n\t<\/div>[vc_empty_space height=&#8221;36px&#8221;][\/vc_column_inner][\/vc_row_inner][\/qode_content_slider_item][\/qode_content_slider][vc_row_inner row_type=&#8221;row&#8221; type=&#8221;grid&#8221; text_align=&#8221;left&#8221; css_animation=&#8221;&#8221; css=&#8221;.vc_custom_1516630400589{padding-top: 88px !important;padding-bottom: 163px !important;}&#8221;][vc_column_inner offset=&#8221;vc_col-lg-6 vc_col-md-6&#8243;][qode_elements_holder number_of_columns=&#8221;one_column&#8221;][qode_elements_holder_item item_padding=&#8221;49px 88px 0 0&#8243; advanced_animations=&#8221;no&#8221; item_padding_1280_1440=&#8221;18px 23px 0 0&#8243; item_padding_1024_1280=&#8221;0 0 0 0&#8243; item_padding_600_768=&#8221;0px 88px 48px 0&#8243; item_padding_480=&#8221;0px 0px 36px 0&#8243;][vc_column_text]<\/p>\n<h1>Hikayemiz<\/h1>\n<p>[\/vc_column_text][vc_empty_space height=&#8221;22px&#8221;][vc_column_text]<\/p>\n<h5>&#8220;Canbey International Tar\u0131m \u00dcr\u00fcnleri A.\u015e., Antakya merkezli olarak tar\u0131m \u00fcr\u00fcnleri ve organik pamuk konular\u0131nda faaliyet g\u00f6steren \u00f6nc\u00fc bir ihracat firmas\u0131d\u0131r.T\u00fcrkiye\u2019nin verimli topraklar\u0131ndan elde edilen \u00fcr\u00fcnleriyle, \u015firket s\u00fcrd\u00fcr\u00fclebilir tar\u0131m uygulamalar\u0131na odaklan\u0131r. Tar\u0131m \u00fcr\u00fcnleri ve organik pamuk \u00fcretimindeki uzmanl\u0131\u011f\u0131, modern tesislerinde \u00e7\u0131r\u00e7\u0131rlama faaliyetleriyle birle\u015fir. Canbey A.\u015e., kalite standartlar\u0131n\u0131 y\u00fcksek tutarak \u00e7evre dostu y\u00f6ntemlerle \u00fcretim yapar ve sertifikal\u0131 organik pamuklar\u0131yla g\u00fcvenilir bir marka olu\u015fturur. Uluslararas\u0131 pazarda, tekstil end\u00fcstrisi i\u00e7in m\u00fckemmel hammadde sunarak T\u00fcrkiye&#8217;nin tar\u0131m potansiyelini d\u00fcnya \u00e7ap\u0131nda temsil eder. S\u00fcrd\u00fcr\u00fclebilirlik, kalite ve g\u00fcvenilirlik ilkeleriyle \u015fekillenen ba\u015far\u0131 hikayesi.&#8221;<\/h5>\n<p>[\/vc_column_text][vc_empty_space height=&#8221;42px&#8221;][vc_single_image image=&#8221;240&#8243; img_size=&#8221;full&#8221; qode_css_animation=&#8221;&#8221;][\/qode_elements_holder_item][\/qode_elements_holder][\/vc_column_inner][vc_column_inner offset=&#8221;vc_col-lg-6 vc_col-md-6&#8243;]<div class=\"qode_video_box\">\n\t<a itemprop=\"image\" class=\"qode_video_image\" href=\"https:\/\/vimeo.com\/96957728\" data-rel=\"prettyPhoto\">\n\t\t\t\n\t\t\t<img decoding=\"async\" src=\"https:\/\/canbeytarim.com\/wp-content\/uploads\/2018\/01\/home-image-1.jpg\" \/>\n\t\t\t<span class=\"qode_video_box_button_holder\">\n\t\t\t\t<span class=\"qode_video_box_button\">\n\t\t\t\t\t<span class=\"qode_video_box_button_arrow\">\n\t\t\t\t\t<\/span>\n\t\t\t\t<\/span>\n\t\t\t<\/span>\n\t\t\t<\/a>\n<\/div>[\/vc_column_inner][\/vc_row_inner][vc_raw_html]JTVCbGd4bG9nb3NsaWRlciUyMGlkJTNEJTIyMzg1JTIyJTVE[\/vc_raw_html][vc_row_inner row_type=&#8221;row&#8221; type=&#8221;grid&#8221; text_align=&#8221;left&#8221; css_animation=&#8221;&#8221; css=&#8221;.vc_custom_1516631873013{padding-top: 163px !important;}&#8221;][vc_column_inner offset=&#8221;vc_col-lg-4 vc_col-md-4&#8243;]<div class='q_icon_with_title small custom_icon_image '><div class=\"icon_holder \" style=\" \"><img decoding=\"async\" itemprop=\"image\" style=\"\" src=\"https:\/\/canbeytarim.com\/wp-content\/uploads\/2024\/02\/quality_11705135-1.png\" alt=\"\"><\/div><div class=\"icon_text_holder\" style=\"\"><div class=\"icon_text_inner\" style=\"\"><h2 class=\"icon_title\" style=\"\">Kalite<\/h2><p style=''>Canbey A.\u015e. Kalite standartlar\u0131na olan ba\u011fl\u0131l\u0131\u011f\u0131yla bilinir ve \u00fcr\u00fcnlerinde en iyi pamuk kalitesini sunar. Firmam\u0131z, en y\u00fcksek kaliteyi sa\u011flamak ad\u0131na titizlikle \u00e7al\u0131\u015f\u0131r ve y\u00fcksek kaliteye sahip olan pamuklar\u0131m\u0131z tek bir dokunu\u015fta bile fark edilir. Canbey A.\u015e. Kaliteli pamukla dokudu\u011fu \u00f6yk\u00fcs\u00fcnde l\u00fcks ve konforu bir araya getirir.<\/p><\/div><\/div><\/div>[vc_empty_space height=&#8221;36px&#8221;][vc_empty_space height=&#8221;36px&#8221;][\/vc_column_inner][vc_column_inner offset=&#8221;vc_col-lg-4 vc_col-md-4&#8243;]<div class='q_icon_with_title small custom_icon_image '><div class=\"icon_holder \" style=\" \"><img decoding=\"async\" itemprop=\"image\" style=\"\" src=\"https:\/\/canbeytarim.com\/wp-content\/uploads\/2024\/02\/customer-review_1379505.png\" alt=\"\"><\/div><div class=\"icon_text_holder\" style=\"\"><div class=\"icon_text_inner\" style=\"\"><h2 class=\"icon_title\" style=\"\">Tecr\u00fcbe<\/h2><p style=''>Canbey A.\u015e. 2021'de kurulmu\u015f olmas\u0131na ra\u011fmen, y\u00f6neticileri ve \u00e7al\u0131\u015fanlar\u0131 40 y\u0131l\u0131 a\u015fk\u0131n birikimle pamuk ve g\u0131da sekt\u00f6r\u00fcnde tecr\u00fcbe sahibi. Bu k\u00f6kl\u00fc deneyim, gen\u00e7 bir firma olmam\u0131za kar\u015f\u0131n, y\u0131llanm\u0131\u015f \u015farap edas\u0131yla m\u00fc\u015fteri memnuniyeti odakl\u0131, \u00fcst d\u00fczey \u00fcr\u00fcnlere sahip ve yenilik\u00e7i yap\u0131s\u0131yla hizmetler sunar.<\/p><\/div><\/div><\/div>[vc_empty_space height=&#8221;36px&#8221;][vc_empty_space height=&#8221;36px&#8221;][\/vc_column_inner][vc_column_inner offset=&#8221;vc_col-lg-4 vc_col-md-4&#8243;]<div class='q_icon_with_title small custom_icon_image '><div class=\"icon_holder \" style=\" \"><img decoding=\"async\" itemprop=\"image\" style=\"\" src=\"https:\/\/canbeytarim.com\/wp-content\/uploads\/2024\/02\/recycle_3593842.png\" alt=\"\"><\/div><div class=\"icon_text_holder\" style=\"\"><div class=\"icon_text_inner\" style=\"\"><h2 class=\"icon_title\" style=\"\">S\u00fcrd\u00fcr\u00fclebilirlik<\/h2><p style=''>Do\u011fal kaynaklar\u0131m\u0131z\u0131 koruma misyonuyla, her \u00fcr\u00fcn\u00fcm\u00fczde \u00e7evresel bilin\u00e7le yakla\u015fmaktay\u0131z. Sonraki nesillerimize daha ye\u015fil bir d\u00fcnya b\u0131rakabilmek ad\u0131na karbon ayak izini azaltacak lojistik ve ambalaj \u00e7\u00f6z\u00fcmlerimizle \u00e7evresel etkileri minimize etmekteyiz. S\u00fcrd\u00fcr\u00fclebilirlik, \u00f6nc\u00fc hedeflerimizden biridir.<\/p><\/div><\/div><\/div>[vc_empty_space height=&#8221;36px&#8221;][vc_empty_space height=&#8221;36px&#8221;][vc_empty_space height=&#8221;36px&#8221;][\/vc_column_inner][\/vc_row_inner][vc_single_image image=&#8221;84&#8243; img_size=&#8221;full&#8221; qode_css_animation=&#8221;&#8221;][\/vc_column][\/vc_row][vc_row css_animation=&#8221;&#8221; row_type=&#8221;row&#8221; use_row_as_full_screen_section=&#8221;no&#8221; type=&#8221;grid&#8221; angled_section=&#8221;no&#8221; text_align=&#8221;left&#8221; background_image_as_pattern=&#8221;without_pattern&#8221; z_index=&#8221;&#8221; css=&#8221;.vc_custom_1516791448209{padding-bottom: 115px !important;}&#8221;][vc_column css=&#8221;.vc_custom_1516708750681{margin-top: -195px !important;}&#8221; offset=&#8221;vc_col-lg-7 vc_col-md-7&#8243;][qode_elements_holder number_of_columns=&#8221;one_column&#8221;][qode_elements_holder_item background_color=&#8221;#ffffff&#8221; item_padding=&#8221;40px 61px 17px&#8221; advanced_animations=&#8221;no&#8221; item_padding_480=&#8221;40px 43px 17px&#8221;][vc_column_text]<\/p>\n<h1>Size Nas\u0131l Yard\u0131mc\u0131 Olabiliriz ?<\/h1>\n<p>[\/vc_column_text][vc_empty_space height=&#8221;26px&#8221;][vc_column_text]T\u00fcm soru ve g\u00f6r\u00fc\u015fleriniz i\u00e7in mailinizi a\u015fa\u011f\u0131ndan bize ula\u015ft\u0131rabilirsiniz .[\/vc_column_text][vc_empty_space height=&#8221;34px&#8221;]\n<div class=\"wpcf7 no-js\" id=\"wpcf7-f94-o1\" lang=\"en-US\" dir=\"ltr\">\n<div class=\"screen-reader-response\"><p role=\"status\" aria-live=\"polite\" aria-atomic=\"true\"><\/p> <ul><\/ul><\/div>\n<form action=\"\/index.php\/wp-json\/wp\/v2\/pages\/225#wpcf7-f94-o1\" method=\"post\" class=\"wpcf7-form init cf7_custom_style_1\" aria-label=\"Contact form\" novalidate=\"novalidate\" data-status=\"init\">\n<div style=\"display: none;\">\n<input type=\"hidden\" name=\"_wpcf7\" value=\"94\" \/>\n<input type=\"hidden\" name=\"_wpcf7_version\" value=\"5.9.8\" \/>\n<input type=\"hidden\" name=\"_wpcf7_locale\" value=\"en_US\" \/>\n<input type=\"hidden\" name=\"_wpcf7_unit_tag\" value=\"wpcf7-f94-o1\" \/>\n<input type=\"hidden\" name=\"_wpcf7_container_post\" value=\"0\" \/>\n<input type=\"hidden\" name=\"_wpcf7_posted_data_hash\" value=\"\" \/>\n<input type=\"hidden\" name=\"_wpcf7_recaptcha_response\" value=\"\" \/>\n<\/div>\n<p><label> Ad Soyad (Gerekli)<br \/>\n<span class=\"wpcf7-form-control-wrap\" data-name=\"your-name\"><input size=\"40\" maxlength=\"400\" class=\"wpcf7-form-control wpcf7-text wpcf7-validates-as-required\" aria-required=\"true\" aria-invalid=\"false\" value=\"\" type=\"text\" name=\"your-name\" \/><\/span> <\/label>\n<\/p>\n<p><label> Mail Adresiniz (Gerekli)<br \/>\n<span class=\"wpcf7-form-control-wrap\" data-name=\"your-email\"><input size=\"40\" maxlength=\"400\" class=\"wpcf7-form-control wpcf7-email wpcf7-validates-as-required wpcf7-text wpcf7-validates-as-email\" aria-required=\"true\" aria-invalid=\"false\" value=\"\" type=\"email\" name=\"your-email\" \/><\/span> <\/label>\n<\/p>\n<p><label> Konu<br \/>\n<span class=\"wpcf7-form-control-wrap\" data-name=\"your-subject\"><input size=\"40\" maxlength=\"400\" class=\"wpcf7-form-control wpcf7-text\" aria-invalid=\"false\" value=\"\" type=\"text\" name=\"your-subject\" \/><\/span> <\/label>\n<\/p>\n<p><label> Mesaj\u0131n\u0131z<br \/>\n<span class=\"wpcf7-form-control-wrap\" data-name=\"your-message\"><textarea cols=\"40\" rows=\"10\" maxlength=\"2000\" class=\"wpcf7-form-control wpcf7-textarea\" aria-invalid=\"false\" name=\"your-message\"><\/textarea><\/span> <\/label>\n<\/p>\n<p><label><br \/>\n\t<span class=\"wpcf7-form-control-wrap recaptcha\" data-name=\"recaptcha\"><span data-sitekey=\"6LeejmIpAAAAAF4QckF74fSAiXI4h_f7veS0-cBX\" class=\"wpcf7-form-control wpcf7-recaptcha g-recaptcha\"><\/span>\r\n<noscript>\r\n\t<div class=\"grecaptcha-noscript\">\r\n\t\t<iframe loading=\"lazy\" src=\"https:\/\/www.google.com\/recaptcha\/api\/fallback?k=6LeejmIpAAAAAF4QckF74fSAiXI4h_f7veS0-cBX\" frameborder=\"0\" scrolling=\"no\" width=\"310\" height=\"430\">\r\n\t\t<\/iframe>\r\n\t\t<textarea name=\"g-recaptcha-response\" rows=\"3\" cols=\"40\" placeholder=\"reCaptcha Response Here\">\r\n\t\t<\/textarea>\r\n\t<\/div>\r\n<\/noscript>\r\n<\/span><\/label>\n<\/p>\n<p><input class=\"wpcf7-form-control wpcf7-submit has-spinner\" type=\"submit\" value=\"G\u00f6nder\" \/>\n<\/p><div class=\"wpcf7-response-output\" aria-hidden=\"true\"><\/div>\n<\/form>\n<\/div>\n[\/qode_elements_holder_item][\/qode_elements_holder][\/vc_column][vc_column offset=&#8221;vc_col-lg-5 vc_col-md-5&#8243;][qode_elements_holder number_of_columns=&#8221;one_column&#8221;][qode_elements_holder_item item_padding=&#8221;87px 20px 0 20px&#8221; advanced_animations=&#8221;no&#8221; item_padding_1024_1280=&#8221;87px 20px 0 6px&#8221; item_padding_480=&#8221;36px 0 0 0&#8243;][vc_column_text][\/vc_column_text][vc_empty_space height=&#8221;9px&#8221;][vc_column_text][\/vc_column_text][vc_column_text][\/vc_column_text][\/qode_elements_holder_item][\/qode_elements_holder][vc_row_inner row_type=&#8221;row&#8221; type=&#8221;full_width&#8221; text_align=&#8221;left&#8221; css_animation=&#8221;&#8221;][vc_column_inner][qode_elements_holder number_of_columns=&#8221;two_columns&#8221; columns_proportion=&#8221;33_66&#8243;][qode_elements_holder_item item_padding=&#8221;21px 0 0 20px&#8221; advanced_animations=&#8221;no&#8221; item_padding_1024_1280=&#8221;21px 0 0 7px&#8221; item_padding_480=&#8221;17px 0 0 0&#8243;][vc_column_text][\/vc_column_text][\/qode_elements_holder_item][qode_elements_holder_item item_padding=&#8221;21px 0 0 0&#8243; advanced_animations=&#8221;no&#8221; item_padding_1024_1280=&#8221;21px 0 0 34px&#8221; item_padding_600_768=&#8221;17px 0 0 20px&#8221; item_padding_480=&#8221;17px 0 0 0px&#8221;][vc_column_text][\/vc_column_text][\/qode_elements_holder_item][\/qode_elements_holder][\/vc_column_inner][\/vc_row_inner][qode_elements_holder number_of_columns=&#8221;one_column&#8221;][qode_elements_holder_item item_padding=&#8221;33px 20px 0 20px&#8221; advanced_animations=&#8221;no&#8221; item_padding_1024_1280=&#8221;33px 20px 0 6px&#8221; item_padding_480=&#8221;0 0 0 0&#8243;][vc_column_text][\/vc_column_text][vc_empty_space][\/qode_elements_holder_item][\/qode_elements_holder][\/vc_column][\/vc_row]<\/p>\n","protected":false},"excerpt":{"rendered":"<p>[vc_row css_animation=&#8221;&#8221; row_type=&#8221;row&#8221; use_row_as_full_screen_section=&#8221;no&#8221; type=&#8221;full_width&#8221; angled_section=&#8221;no&#8221; text_align=&#8221;left&#8221; background_image_as_pattern=&#8221;without_pattern&#8221; z_index=&#8221;&#8221;][vc_column][vc_row_inner row_type=&#8221;row&#8221; type=&#8221;grid&#8221; text_align=&#8221;left&#8221; css_animation=&#8221;&#8221; css=&#8221;.vc_custom_1516362603245{padding-bottom: 105px !important;}&#8221;][vc_column_inner css=&#8221;.vc_custom_1708497365163{margin-top: -130px !important;}&#8221; offset=&#8221;vc_col-lg-7 vc_col-md-7&#8243;][qode_elements_holder number_of_columns=&#8221;one_column&#8221;][qode_elements_holder_item background_color=&#8221;#ff9933&#8243; item_padding=&#8221;38px 78px 57px 56px&#8221; advanced_animations=&#8221;no&#8221; item_padding_1280_1440=&#8221;38px 59px 57px 56px&#8221; item_padding_600_768=&#8221;38px 31px 57px 44px&#8221; item_padding_480=&#8221;38px 28px 57px 35px&#8221;][vc_column_text] D\u00fcnyan\u0131n Mucizesi Alt\u0131n Projesi Pamuk&#8230;<\/p>\n","protected":false},"author":1,"featured_media":0,"parent":185,"menu_order":0,"comment_status":"closed","ping_status":"closed","template":"full_width.php","meta":{"footnotes":""},"_links":{"self":[{"href":"https:\/\/canbeytarim.com\/index.php\/wp-json\/wp\/v2\/pages\/225"}],"collection":[{"href":"https:\/\/canbeytarim.com\/index.php\/wp-json\/wp\/v2\/pages"}],"about":[{"href":"https:\/\/canbeytarim.com\/index.php\/wp-json\/wp\/v2\/types\/page"}],"author":[{"embeddable":true,"href":"https:\/\/canbeytarim.com\/index.php\/wp-json\/wp\/v2\/users\/1"}],"replies":[{"embeddable":true,"href":"https:\/\/canbeytarim.com\/index.php\/wp-json\/wp\/v2\/comments?post=225"}],"version-history":[{"count":106,"href":"https:\/\/canbeytarim.com\/index.php\/wp-json\/wp\/v2\/pages\/225\/revisions"}],"predecessor-version":[{"id":492,"href":"https:\/\/canbeytarim.com\/index.php\/wp-json\/wp\/v2\/pages\/225\/revisions\/492"}],"up":[{"embeddable":true,"href":"https:\/\/canbeytarim.com\/index.php\/wp-json\/wp\/v2\/pages\/185"}],"wp:attachment":[{"href":"https:\/\/canbeytarim.com\/index.php\/wp-json\/wp\/v2\/media?parent=225"}],"curies":[{"name":"wp","href":"https:\/\/api.w.org\/{rel}","templated":true}]}}