{"id":185,"date":"2018-01-23T15:04:33","date_gmt":"2018-01-23T15:04:33","guid":{"rendered":"http:\/\/bridge136.qodeinteractive.com\/?page_id=185"},"modified":"2024-03-23T15:46:41","modified_gmt":"2024-03-23T12:46:41","slug":"contact-us","status":"publish","type":"page","link":"https:\/\/canbeytarim.com\/index.php\/contact-us\/","title":{"rendered":"\u0130leti\u015fim"},"content":{"rendered":"<p>[vc_row css_animation=&#8221;&#8221; row_type=&#8221;row&#8221; use_row_as_full_screen_section=&#8221;no&#8221; type=&#8221;full_width&#8221; angled_section=&#8221;no&#8221; text_align=&#8221;left&#8221; background_image_as_pattern=&#8221;without_pattern&#8221;][vc_column][vc_single_image image=&#8221;186&#8243; img_size=&#8221;full&#8221; qode_css_animation=&#8221;&#8221;][\/vc_column][\/vc_row][vc_row css_animation=&#8221;&#8221; row_type=&#8221;row&#8221; use_row_as_full_screen_section=&#8221;no&#8221; type=&#8221;grid&#8221; angled_section=&#8221;no&#8221; text_align=&#8221;center&#8221; background_image_as_pattern=&#8221;without_pattern&#8221; z_index=&#8221;&#8221;][vc_column offset=&#8221;vc_col-lg-offset-2 vc_col-lg-8&#8243; css=&#8221;.vc_custom_1516710684527{margin-top: -134px !important;}&#8221;][qode_elements_holder number_of_columns=&#8221;one_column&#8221;][qode_elements_holder_item background_color=&#8221;#ffffff&#8221; item_padding=&#8221;42px 88px 59px 88px&#8221; advanced_animations=&#8221;no&#8221; item_padding_1280_1440=&#8221;42px 66px 59px 66px&#8221; item_padding_480=&#8221;71px 20px 59px 23px&#8221;][vc_column_text]<\/p>\n<h1>\u0130leti\u015fim<\/h1>\n<p>[\/vc_column_text][vc_column_text]<\/p>\n<h5>Bize ula\u015fmak i\u00e7in a\u015fa\u011f\u0131daki ileti\u015fim formunu kullanabilir ya da ileti\u015fim adreslerimizden bizlere ula\u015fabilirsiniz .<\/h5>\n<p>[\/vc_column_text][\/qode_elements_holder_item][\/qode_elements_holder][\/vc_column][\/vc_row][vc_row css_animation=&#8221;&#8221; row_type=&#8221;row&#8221; use_row_as_full_screen_section=&#8221;no&#8221; type=&#8221;grid&#8221; angled_section=&#8221;no&#8221; text_align=&#8221;left&#8221; background_image_as_pattern=&#8221;without_pattern&#8221; z_index=&#8221;&#8221;][vc_column offset=&#8221;vc_col-lg-7 vc_col-md-7&#8243;][qode_elements_holder number_of_columns=&#8221;one_column&#8221;][qode_elements_holder_item item_padding=&#8221;92px 61px 17px&#8221; advanced_animations=&#8221;no&#8221; item_padding_600_768=&#8221;92px 0px 0px&#8221; item_padding_480=&#8221;49px 0px 0px&#8221;][vc_column_text]<\/p>\n<h2><span style=\"color: #e48066;\">Canbey Tar\u0131m<\/span> ile kalite her zaman yan\u0131n\u0131zda.<\/h2>\n<p>[\/vc_column_text][vc_empty_space height=&#8221;16px&#8221;]\n<div class=\"wpcf7 no-js\" id=\"wpcf7-f94-o1\" lang=\"en-US\" dir=\"ltr\">\n<div class=\"screen-reader-response\"><p role=\"status\" aria-live=\"polite\" aria-atomic=\"true\"><\/p> <ul><\/ul><\/div>\n<form action=\"\/index.php\/wp-json\/wp\/v2\/pages\/185#wpcf7-f94-o1\" method=\"post\" class=\"wpcf7-form init cf7_custom_style_2\" aria-label=\"Contact form\" novalidate=\"novalidate\" data-status=\"init\">\n<div style=\"display: none;\">\n<input type=\"hidden\" name=\"_wpcf7\" value=\"94\" \/>\n<input type=\"hidden\" name=\"_wpcf7_version\" value=\"5.9.8\" \/>\n<input type=\"hidden\" name=\"_wpcf7_locale\" value=\"en_US\" \/>\n<input type=\"hidden\" name=\"_wpcf7_unit_tag\" value=\"wpcf7-f94-o1\" \/>\n<input type=\"hidden\" name=\"_wpcf7_container_post\" value=\"0\" \/>\n<input type=\"hidden\" name=\"_wpcf7_posted_data_hash\" value=\"\" \/>\n<input type=\"hidden\" name=\"_wpcf7_recaptcha_response\" value=\"\" \/>\n<\/div>\n<p><label> Ad Soyad (Gerekli)<br \/>\n<span class=\"wpcf7-form-control-wrap\" data-name=\"your-name\"><input size=\"40\" maxlength=\"400\" class=\"wpcf7-form-control wpcf7-text wpcf7-validates-as-required\" aria-required=\"true\" aria-invalid=\"false\" value=\"\" type=\"text\" name=\"your-name\" \/><\/span> <\/label>\n<\/p>\n<p><label> Mail Adresiniz (Gerekli)<br \/>\n<span class=\"wpcf7-form-control-wrap\" data-name=\"your-email\"><input size=\"40\" maxlength=\"400\" class=\"wpcf7-form-control wpcf7-email wpcf7-validates-as-required wpcf7-text wpcf7-validates-as-email\" aria-required=\"true\" aria-invalid=\"false\" value=\"\" type=\"email\" name=\"your-email\" \/><\/span> <\/label>\n<\/p>\n<p><label> Konu<br \/>\n<span class=\"wpcf7-form-control-wrap\" data-name=\"your-subject\"><input size=\"40\" maxlength=\"400\" class=\"wpcf7-form-control wpcf7-text\" aria-invalid=\"false\" value=\"\" type=\"text\" name=\"your-subject\" \/><\/span> <\/label>\n<\/p>\n<p><label> Mesaj\u0131n\u0131z<br \/>\n<span class=\"wpcf7-form-control-wrap\" data-name=\"your-message\"><textarea cols=\"40\" rows=\"10\" maxlength=\"2000\" class=\"wpcf7-form-control wpcf7-textarea\" aria-invalid=\"false\" name=\"your-message\"><\/textarea><\/span> <\/label>\n<\/p>\n<p><label><br \/>\n\t<span class=\"wpcf7-form-control-wrap recaptcha\" data-name=\"recaptcha\"><span data-sitekey=\"6LeejmIpAAAAAF4QckF74fSAiXI4h_f7veS0-cBX\" class=\"wpcf7-form-control wpcf7-recaptcha g-recaptcha\"><\/span>\r\n<noscript>\r\n\t<div class=\"grecaptcha-noscript\">\r\n\t\t<iframe loading=\"lazy\" src=\"https:\/\/www.google.com\/recaptcha\/api\/fallback?k=6LeejmIpAAAAAF4QckF74fSAiXI4h_f7veS0-cBX\" frameborder=\"0\" scrolling=\"no\" width=\"310\" height=\"430\">\r\n\t\t<\/iframe>\r\n\t\t<textarea name=\"g-recaptcha-response\" rows=\"3\" cols=\"40\" placeholder=\"reCaptcha Response Here\">\r\n\t\t<\/textarea>\r\n\t<\/div>\r\n<\/noscript>\r\n<\/span><\/label>\n<\/p>\n<p><input class=\"wpcf7-form-control wpcf7-submit has-spinner\" type=\"submit\" value=\"G\u00f6nder\" \/>\n<\/p><div class=\"wpcf7-response-output\" aria-hidden=\"true\"><\/div>\n<\/form>\n<\/div>\n[\/qode_elements_holder_item][\/qode_elements_holder][\/vc_column][vc_column offset=&#8221;vc_col-lg-5 vc_col-md-5&#8243;][qode_elements_holder number_of_columns=&#8221;one_column&#8221;][qode_elements_holder_item item_padding=&#8221;92px 20px 0 20px&#8221; advanced_animations=&#8221;no&#8221; item_padding_1024_1280=&#8221;92px 20px 0 0px&#8221; item_padding_480=&#8221;36px 0 0 0&#8243;]<div class='q_icon_with_title tiny normal_icon center '><div class=\"icon_holder \" style=\" \"><span data-icon-type=\"normal\"   style=\"\" class=\"qode_iwt_icon_holder q_font_awsome_icon fa-lg  \"><i class=\"qode_icon_font_awesome fa  qode_iwt_icon_element\" style=\"\" ><\/i><\/span><\/div><div class=\"icon_text_holder\" style=\"\"><div class=\"icon_text_inner\" style=\"\"><h3 class=\"icon_title\" style=\"color: #000000;font-weight: 200;\">\u0130leti\u015fim Bilgileri<\/h3><p style=''><\/p><\/div><\/div><\/div>[vc_column_text][\/vc_column_text][vc_empty_space height=&#8221;9px&#8221;][vc_column_text][\/vc_column_text][\/qode_elements_holder_item][\/qode_elements_holder][vc_row_inner row_type=&#8221;row&#8221; type=&#8221;grid&#8221; text_align=&#8221;left&#8221; css_animation=&#8221;&#8221;][vc_column_inner][qode_elements_holder number_of_columns=&#8221;two_columns&#8221; columns_proportion=&#8221;33_66&#8243;][qode_elements_holder_item item_padding=&#8221;21px 0 0 20px&#8221; advanced_animations=&#8221;no&#8221; item_padding_1024_1280=&#8221;21px 0 0 0px&#8221; item_padding_480=&#8221;17px 0 0 0&#8243;][vc_column_text]<span style=\"font-size: 19px; font-weight: 400; letter-spacing: 0; font-family: lora; line-height: 28px; color: #1c1919;\">Tesis Adres:<\/span><br \/>\nNarl\u0131ca, CUMHUR\u0130YET CAD NO:148, 31035 Antakya\/Hatay[\/vc_column_text][vc_column_text]<span style=\"font-size: 19px; font-weight: 400; letter-spacing: 0; font-family: lora; line-height: 28px; color: #1c1919;\">\u0130rtibat B\u00fcrosu Adres:<\/span><br \/>\nYeni\u015fehir Mahallesi Mare\u015fal \u00c7akmak Caddesi Sel\u00e7uk Apartman\u0131 D\u0131\u015f Kap\u0131 No:41 Kat:4 Daire:12 \u0130skenderun\/Hatay[\/vc_column_text][vc_column_text]<span style=\"font-size: 19px; letter-spacing: 0px; font-family: lora; line-height: 28px; color: #1c1919;\">E-Posta:<\/span><br \/>\ninfo@canbeytarim.com[\/vc_column_text][vc_column_text]<span style=\"font-size: 19px; font-weight: 400; letter-spacing: 0; font-family: lora; line-height: 28px; color: #1c1919;\">Telefon:<\/span><br \/>\n+90 <a href=\"https:\/\/www.google.com\/search?client=safari&amp;sca_esv=601961117&amp;hl=tr-tr&amp;cs=0&amp;output=search&amp;q=Canbey+%C4%B0nternational+Tar%C4%B1m+%C3%9Cr%C3%BCnleri+A.%C5%9E.&amp;ludocid=5143123145259902515&amp;lsig=AB86z5USk7EVfqoTXlrwrx52iJNi&amp;kgs=050976318c41e267&amp;shndl=-1&amp;shem=lcsnic,lsp&amp;source=sh\/x\/loc\/act\/m1\/3#\" data-dtype=\"d3ph\" data-local-attribute=\"d3ph\" data-ved=\"2ahUKEwjn9Oeu0f2DAxWqYPEDHQHwAlMQkAgoAHoECEkQAg\"><span aria-label=\"0554 264 44 44 Numaral\u0131 Telefonu Ara\">0554 264 44 44<\/span><\/a>[\/vc_column_text][vc_column_text]<span style=\"font-size: 19px; font-weight: 400; letter-spacing: 0; font-family: lora; line-height: 28px; color: #1c1919;\">Telefon:<\/span><br \/>\n+90 <a href=\"https:\/\/www.google.com\/search?client=safari&amp;sca_esv=601961117&amp;hl=tr-tr&amp;cs=0&amp;output=search&amp;q=Canbey+%C4%B0nternational+Tar%C4%B1m+%C3%9Cr%C3%BCnleri+A.%C5%9E.&amp;ludocid=5143123145259902515&amp;lsig=AB86z5USk7EVfqoTXlrwrx52iJNi&amp;kgs=050976318c41e267&amp;shndl=-1&amp;shem=lcsnic,lsp&amp;source=sh\/x\/loc\/act\/m1\/3#\" data-dtype=\"d3ph\" data-local-attribute=\"d3ph\" data-ved=\"2ahUKEwjn9Oeu0f2DAxWqYPEDHQHwAlMQkAgoAHoECEkQAg\"><span aria-label=\"+9005347133333 Numaral\u0131 Telefonu Ara\">0534 713 33 33<\/span><\/a>[\/vc_column_text][\/qode_elements_holder_item][qode_elements_holder_item item_padding=&#8221;21px 0 0 0&#8243; advanced_animations=&#8221;no&#8221; item_padding_1024_1280=&#8221;21px 0 0 16px&#8221; item_padding_600_768=&#8221;17px 0 0 20px&#8221; item_padding_480=&#8221;17px 0 0 0px&#8221;][vc_column_text][\/vc_column_text][\/qode_elements_holder_item][\/qode_elements_holder][\/vc_column_inner][\/vc_row_inner][qode_elements_holder number_of_columns=&#8221;one_column&#8221;][qode_elements_holder_item item_padding=&#8221;33px 20px 0 20px&#8221; advanced_animations=&#8221;no&#8221; item_padding_1024_1280=&#8221;33px 20px 0 0px&#8221; item_padding_600_768=&#8221;33px 20px 40px 20px&#8221; item_padding_480=&#8221;0px 0px 41px 0px&#8221;][vc_column_text]<iframe loading=\"lazy\" style=\"border: 0;\" src=\"https:\/\/www.google.com\/maps\/embed?pb=!1m14!1m8!1m3!1d426.3323167705909!2d36.14647339438588!3d36.20953066396098!3m2!1i1024!2i768!4f13.1!3m3!1m2!1s0x1525c3cb50c24425%3A0x47600b404d4e6633!2zQ2FuYmV5IMSwbnRlcm5hdGlvbmFsIFRhcsSxbSDDnHLDvG5sZXJpIEEuxZ4u!5e0!3m2!1str!2str!4v1706355389930!5m2!1str!2str\" width=\"350\" height=\"300\" allowfullscreen=\"allowfullscreen\"><\/iframe>[\/vc_column_text][vc_empty_space][\/qode_elements_holder_item][\/qode_elements_holder][\/vc_column][\/vc_row][vc_row css_animation=&#8221;&#8221; row_type=&#8221;row&#8221; use_row_as_full_screen_section=&#8221;no&#8221; type=&#8221;full_width&#8221; angled_section=&#8221;no&#8221; text_align=&#8221;left&#8221; background_image_as_pattern=&#8221;without_pattern&#8221;][vc_column][vc_single_image image=&#8221;179&#8243; img_size=&#8221;full&#8221; qode_css_animation=&#8221;&#8221;][\/vc_column][\/vc_row]<\/p>\n","protected":false},"excerpt":{"rendered":"<p>[vc_row css_animation=&#8221;&#8221; row_type=&#8221;row&#8221; use_row_as_full_screen_section=&#8221;no&#8221; type=&#8221;full_width&#8221; angled_section=&#8221;no&#8221; text_align=&#8221;left&#8221; background_image_as_pattern=&#8221;without_pattern&#8221;][vc_column][vc_single_image image=&#8221;186&#8243; img_size=&#8221;full&#8221; qode_css_animation=&#8221;&#8221;][\/vc_column][\/vc_row][vc_row css_animation=&#8221;&#8221; row_type=&#8221;row&#8221; use_row_as_full_screen_section=&#8221;no&#8221; type=&#8221;grid&#8221; angled_section=&#8221;no&#8221; text_align=&#8221;center&#8221; background_image_as_pattern=&#8221;without_pattern&#8221; z_index=&#8221;&#8221;][vc_column offset=&#8221;vc_col-lg-offset-2 vc_col-lg-8&#8243; css=&#8221;.vc_custom_1516710684527{margin-top: -134px !important;}&#8221;][qode_elements_holder number_of_columns=&#8221;one_column&#8221;][qode_elements_holder_item background_color=&#8221;#ffffff&#8221; item_padding=&#8221;42px 88px 59px 88px&#8221; advanced_animations=&#8221;no&#8221; item_padding_1280_1440=&#8221;42px 66px 59px 66px&#8221; item_padding_480=&#8221;71px 20px 59px 23px&#8221;][vc_column_text] \u0130leti\u015fim [\/vc_column_text][vc_column_text] Bize ula\u015fmak i\u00e7in a\u015fa\u011f\u0131daki&#8230;<\/p>\n","protected":false},"author":1,"featured_media":0,"parent":0,"menu_order":0,"comment_status":"closed","ping_status":"closed","template":"full_width.php","meta":{"footnotes":""},"_links":{"self":[{"href":"https:\/\/canbeytarim.com\/index.php\/wp-json\/wp\/v2\/pages\/185"}],"collection":[{"href":"https:\/\/canbeytarim.com\/index.php\/wp-json\/wp\/v2\/pages"}],"about":[{"href":"https:\/\/canbeytarim.com\/index.php\/wp-json\/wp\/v2\/types\/page"}],"author":[{"embeddable":true,"href":"https:\/\/canbeytarim.com\/index.php\/wp-json\/wp\/v2\/users\/1"}],"replies":[{"embeddable":true,"href":"https:\/\/canbeytarim.com\/index.php\/wp-json\/wp\/v2\/comments?post=185"}],"version-history":[{"count":42,"href":"https:\/\/canbeytarim.com\/index.php\/wp-json\/wp\/v2\/pages\/185\/revisions"}],"predecessor-version":[{"id":473,"href":"https:\/\/canbeytarim.com\/index.php\/wp-json\/wp\/v2\/pages\/185\/revisions\/473"}],"wp:attachment":[{"href":"https:\/\/canbeytarim.com\/index.php\/wp-json\/wp\/v2\/media?parent=185"}],"curies":[{"name":"wp","href":"https:\/\/api.w.org\/{rel}","templated":true}]}}