{"id":149,"date":"2018-01-23T12:24:15","date_gmt":"2018-01-23T12:24:15","guid":{"rendered":"http:\/\/bridge136.qodeinteractive.com\/?page_id=149"},"modified":"2024-02-16T10:59:46","modified_gmt":"2024-02-16T07:59:46","slug":"about-us","status":"publish","type":"page","link":"https:\/\/canbeytarim.com\/index.php\/about-us\/","title":{"rendered":"Hakk\u0131m\u0131zda"},"content":{"rendered":"<p>[vc_row css_animation=&#8221;&#8221; row_type=&#8221;row&#8221; use_row_as_full_screen_section=&#8221;no&#8221; type=&#8221;full_width&#8221; angled_section=&#8221;no&#8221; text_align=&#8221;left&#8221; background_image_as_pattern=&#8221;without_pattern&#8221;][vc_column][vc_single_image image=&#8221;151&#8243; img_size=&#8221;full&#8221; qode_css_animation=&#8221;&#8221;][\/vc_column][\/vc_row][vc_row css_animation=&#8221;&#8221; row_type=&#8221;row&#8221; use_row_as_full_screen_section=&#8221;no&#8221; type=&#8221;grid&#8221; angled_section=&#8221;no&#8221; text_align=&#8221;center&#8221; background_image_as_pattern=&#8221;without_pattern&#8221; z_index=&#8221;&#8221;][vc_column offset=&#8221;vc_col-lg-offset-2 vc_col-lg-8&#8243; css=&#8221;.vc_custom_1516710684527{margin-top: -134px !important;}&#8221;][qode_elements_holder number_of_columns=&#8221;one_column&#8221;][qode_elements_holder_item background_color=&#8221;#ffffff&#8221; item_padding=&#8221;42px 88px 59px 88px&#8221; advanced_animations=&#8221;no&#8221; item_padding_1280_1440=&#8221;42px 66px 59px 66px&#8221; item_padding_480=&#8221;71px 20px 59px 23px&#8221;][vc_column_text]<\/p>\n<h1>Hakk\u0131m\u0131zda<\/h1>\n<p>[\/vc_column_text][vc_column_text]<\/p>\n<h5>Canbey International Tar\u0131m \u00dcr\u00fcnleri A.\u015e.<\/h5>\n<p>[\/vc_column_text][\/qode_elements_holder_item][\/qode_elements_holder][\/vc_column][\/vc_row][vc_row css_animation=&#8221;&#8221; row_type=&#8221;row&#8221; use_row_as_full_screen_section=&#8221;no&#8221; type=&#8221;grid&#8221; angled_section=&#8221;no&#8221; text_align=&#8221;left&#8221; background_image_as_pattern=&#8221;without_pattern&#8221; z_index=&#8221;&#8221; css=&#8221;.vc_custom_1516718442057{padding-top: 83px !important;}&#8221;][vc_column offset=&#8221;vc_col-lg-offset-1 vc_col-lg-10&#8243;][vc_empty_space height=&#8221;23px&#8221;][vc_column_text]<\/p>\n<h5>&#8220;Canbey International Tar\u0131m \u00dcr\u00fcnleri A.\u015e., Antakya merkezli olarak tar\u0131m \u00fcr\u00fcnleri ve organik pamuk konular\u0131nda faaliyet g\u00f6steren \u00f6nc\u00fc bir ihracat firmas\u0131d\u0131r.T\u00fcrkiye\u2019nin verimli topraklar\u0131ndan elde edilen \u00fcr\u00fcnleriyle, \u015firket s\u00fcrd\u00fcr\u00fclebilir tar\u0131m uygulamalar\u0131na odaklan\u0131r. Tar\u0131m \u00fcr\u00fcnleri ve organik pamuk \u00fcretimindeki uzmanl\u0131\u011f\u0131, modern tesislerinde \u00e7\u0131r\u00e7\u0131rlama faaliyetleriyle birle\u015fir. Canbey A.\u015e., kalite standartlar\u0131n\u0131 y\u00fcksek tutarak \u00e7evre dostu y\u00f6ntemlerle \u00fcretim yapar ve sertifikal\u0131 organik pamuklar\u0131yla g\u00fcvenilir bir marka olu\u015fturur. Uluslararas\u0131 pazarda, tekstil end\u00fcstrisi i\u00e7in m\u00fckemmel hammadde sunarak T\u00fcrkiye&#8217;nin tar\u0131m potansiyelini d\u00fcnya \u00e7ap\u0131nda temsil eder. S\u00fcrd\u00fcr\u00fclebilirlik, kalite ve g\u00fcvenilirlik ilkeleriyle \u015fekillenen ba\u015far\u0131 hikayesi.&#8221;<\/h5>\n<p>[\/vc_column_text][vc_empty_space height=&#8221;30px&#8221;][vc_column_text]<style type=\"text\/css\">\r\n    #lgx_lsw_preloader_385 {\r\n        display: flex;\r\n        align-items: center;\r\n        justify-content: center;\r\n        text-align: center;\r\n        background: #ffffff;\r\n        z-index: 9999;\r\n        position: absolute;\r\n        left: 0;\r\n        top: 0;\r\n        height: 100%;\r\n        width: 100%;\r\n    }\r\n<\/style><div id=\"lgx_logo_slider_app_385\" class=\"lgx_logo_slider_app\">\r\n\r\n    <div id=\"lgx_lsw_preloader_385\"\" class=\"lgx_lsw_preloader\"> <img decoding=\"async\" src=\"https:\/\/canbeytarim.com\/wp-content\/plugins\/logo-slider-wp\/public\/assets\/img\/loader.gif\" \/><\/div>\r\n    <div class=\"lgx_logo_slider lgx_logo_slider_free\">\r\n        <div class=\"lgx_app_inner lgx_app_layout_carousel\">\r\n            <div class=\"lgx_app_container-fluid\">\r\n\r\n                \r\n                <div id=\"lgx_app_content_wrap_385908\" class=\"lgx_app_content_wrapper  swiper lgx_logo_carousel\"   data-effect=\"slide\"  data-infinite=\"true\"  data-speed=\"2450\"  data-autoplay=\"true\"  data-delay=\"1500\"  data-pause=\"false\"  data-space=\"10\"  data-nav=\"false\"  data-pagination=\"true\"  data-height=\"false\"  data-move=\"true\"  data-wheel=\"false\"  data-simulate=\"true\"  data-grab=\"false\"  data-dynamic=\"false\"  data-bullets_no=\"1\"  data-item_mobile=\"1\"  data-item_tablet=\"3\"  data-item_desk=\"3\"  data-item_large=\"3\"  data-lazy=\"false\"    >\r\n\r\n                    \r\n                    <div class=\"lgx_app_item_row   swiper-wrapper \"  >\r\n                        <div class=\"lgx_app_item  swiper-slide lgx_app_hover_effect_none\">\r\n    <div class=\"lgx_app_item_inner \" >\r\n    \r\n                    <div class=\"lgx_app_item_figure lgx_img_hover_anim__default\">\r\n                <a class=\"lgx_app_item_link\"    href=\"javascript:void(0);\"  target=\"_self\" >\r\n                    <img decoding=\"async\" class=\"lgx_app_item_img\" src=\"https:\/\/canbeytarim.com\/wp-content\/uploads\/2024\/02\/iso-9001.png\"  alt=\"\" \/>\r\n                <\/a>\r\n            <\/div> <!--\/\/.FIGURE -->\r\n        \r\n        <div class=\"lgx_app_item_info\">\r\n                                <\/div>\r\n\r\n        \r\n    <\/div>\r\n<\/div><div class=\"lgx_app_item  swiper-slide lgx_app_hover_effect_none\">\r\n    <div class=\"lgx_app_item_inner \" >\r\n    \r\n                    <div class=\"lgx_app_item_figure lgx_img_hover_anim__default\">\r\n                <a class=\"lgx_app_item_link\"    href=\"javascript:void(0);\"  target=\"_self\" >\r\n                    <img decoding=\"async\" class=\"lgx_app_item_img\" src=\"https:\/\/canbeytarim.com\/wp-content\/uploads\/2024\/02\/oeko-tex.png\"  alt=\"\" \/>\r\n                <\/a>\r\n            <\/div> <!--\/\/.FIGURE -->\r\n        \r\n        <div class=\"lgx_app_item_info\">\r\n                                <\/div>\r\n\r\n        \r\n    <\/div>\r\n<\/div><div class=\"lgx_app_item  swiper-slide lgx_app_hover_effect_none\">\r\n    <div class=\"lgx_app_item_inner \" >\r\n    \r\n                    <div class=\"lgx_app_item_figure lgx_img_hover_anim__default\">\r\n                <a class=\"lgx_app_item_link\"    href=\"javascript:void(0);\"  target=\"_self\" >\r\n                    <img decoding=\"async\" class=\"lgx_app_item_img\" src=\"https:\/\/canbeytarim.com\/wp-content\/uploads\/2024\/02\/gots.png\"  alt=\"\" \/>\r\n                <\/a>\r\n            <\/div> <!--\/\/.FIGURE -->\r\n        \r\n        <div class=\"lgx_app_item_info\">\r\n                                <\/div>\r\n\r\n        \r\n    <\/div>\r\n<\/div><div class=\"lgx_app_item  swiper-slide lgx_app_hover_effect_none\">\r\n    <div class=\"lgx_app_item_inner \" >\r\n    \r\n                    <div class=\"lgx_app_item_figure lgx_img_hover_anim__default\">\r\n                <a class=\"lgx_app_item_link\"    href=\"javascript:void(0);\"  target=\"_self\" >\r\n                    <img decoding=\"async\" class=\"lgx_app_item_img\" src=\"https:\/\/canbeytarim.com\/wp-content\/uploads\/2024\/02\/ocs.png\"  alt=\"\" \/>\r\n                <\/a>\r\n            <\/div> <!--\/\/.FIGURE -->\r\n        \r\n        <div class=\"lgx_app_item_info\">\r\n                                <\/div>\r\n\r\n        \r\n    <\/div>\r\n<\/div><div class=\"lgx_app_item  swiper-slide lgx_app_hover_effect_none\">\r\n    <div class=\"lgx_app_item_inner \" >\r\n    \r\n                    <div class=\"lgx_app_item_figure lgx_img_hover_anim__default\">\r\n                <a class=\"lgx_app_item_link\"    href=\"javascript:void(0);\"  target=\"_self\" >\r\n                    <img decoding=\"async\" class=\"lgx_app_item_img\" src=\"https:\/\/canbeytarim.com\/wp-content\/uploads\/2024\/02\/y-1.png\"  alt=\"\" \/>\r\n                <\/a>\r\n            <\/div> <!--\/\/.FIGURE -->\r\n        \r\n        <div class=\"lgx_app_item_info\">\r\n                                <\/div>\r\n\r\n        \r\n    <\/div>\r\n<\/div>                    <\/div> <!--\/\/.APP CONTENT INNER END-->\r\n\r\n                    <div class=\"swiper-pagination lgx_lsw_pagination\"><\/div>\r\n                    \r\n                <\/div> <!-- \/\/.CONTENT WRAP END-->\r\n\r\n            <\/div><!--\/\/.APP CONTAINER END-->\r\n        <\/div> <!--\/\/.INNER END-->\r\n    <\/div> <!-- APP CONTAINER END -->\r\n\r\n<\/div> <!--\/\/.APP END-->[\/vc_column_text][vc_empty_space height=&#8221;30px&#8221;][\/vc_column][\/vc_row][vc_row css_animation=&#8221;&#8221; row_type=&#8221;row&#8221; use_row_as_full_screen_section=&#8221;no&#8221; type=&#8221;full_width&#8221; angled_section=&#8221;no&#8221; text_align=&#8221;left&#8221; background_image_as_pattern=&#8221;without_pattern&#8221;][vc_column][vc_single_image image=&#8221;179&#8243; img_size=&#8221;full&#8221; qode_css_animation=&#8221;&#8221;][\/vc_column][\/vc_row]<\/p>\n","protected":false},"excerpt":{"rendered":"<p>[vc_row css_animation=&#8221;&#8221; row_type=&#8221;row&#8221; use_row_as_full_screen_section=&#8221;no&#8221; type=&#8221;full_width&#8221; angled_section=&#8221;no&#8221; text_align=&#8221;left&#8221; background_image_as_pattern=&#8221;without_pattern&#8221;][vc_column][vc_single_image image=&#8221;151&#8243; img_size=&#8221;full&#8221; qode_css_animation=&#8221;&#8221;][\/vc_column][\/vc_row][vc_row css_animation=&#8221;&#8221; row_type=&#8221;row&#8221; use_row_as_full_screen_section=&#8221;no&#8221; type=&#8221;grid&#8221; angled_section=&#8221;no&#8221; text_align=&#8221;center&#8221; background_image_as_pattern=&#8221;without_pattern&#8221; z_index=&#8221;&#8221;][vc_column offset=&#8221;vc_col-lg-offset-2 vc_col-lg-8&#8243; css=&#8221;.vc_custom_1516710684527{margin-top: -134px !important;}&#8221;][qode_elements_holder number_of_columns=&#8221;one_column&#8221;][qode_elements_holder_item background_color=&#8221;#ffffff&#8221; item_padding=&#8221;42px 88px 59px 88px&#8221; advanced_animations=&#8221;no&#8221; item_padding_1280_1440=&#8221;42px 66px 59px 66px&#8221; item_padding_480=&#8221;71px 20px 59px 23px&#8221;][vc_column_text] Hakk\u0131m\u0131zda [\/vc_column_text][vc_column_text] Canbey International Tar\u0131m \u00dcr\u00fcnleri&#8230;<\/p>\n","protected":false},"author":1,"featured_media":0,"parent":0,"menu_order":0,"comment_status":"closed","ping_status":"closed","template":"full_width.php","meta":{"footnotes":""},"_links":{"self":[{"href":"https:\/\/canbeytarim.com\/index.php\/wp-json\/wp\/v2\/pages\/149"}],"collection":[{"href":"https:\/\/canbeytarim.com\/index.php\/wp-json\/wp\/v2\/pages"}],"about":[{"href":"https:\/\/canbeytarim.com\/index.php\/wp-json\/wp\/v2\/types\/page"}],"author":[{"embeddable":true,"href":"https:\/\/canbeytarim.com\/index.php\/wp-json\/wp\/v2\/users\/1"}],"replies":[{"embeddable":true,"href":"https:\/\/canbeytarim.com\/index.php\/wp-json\/wp\/v2\/comments?post=149"}],"version-history":[{"count":16,"href":"https:\/\/canbeytarim.com\/index.php\/wp-json\/wp\/v2\/pages\/149\/revisions"}],"predecessor-version":[{"id":449,"href":"https:\/\/canbeytarim.com\/index.php\/wp-json\/wp\/v2\/pages\/149\/revisions\/449"}],"wp:attachment":[{"href":"https:\/\/canbeytarim.com\/index.php\/wp-json\/wp\/v2\/media?parent=149"}],"curies":[{"name":"wp","href":"https:\/\/api.w.org\/{rel}","templated":true}]}}